{"id":4922,"date":"2020-03-13T11:02:10","date_gmt":"2020-03-13T11:02:10","guid":{"rendered":"https:\/\/agrosistemos.ee\/?page_id=4922"},"modified":"2020-03-13T11:02:10","modified_gmt":"2020-03-13T11:02:10","slug":"skiold","status":"publish","type":"page","link":"https:\/\/agrosistemos.ee\/en\/farming-equipment\/grain-mills\/skiold\/","title":{"rendered":"Skiold"},"content":{"rendered":"<p>[vc_row][vc_column][vc_column_text]<\/p>\n<h3>Grain mills Skiold<\/h3>\n<p>[\/vc_column_text][vc_empty_space][\/vc_column][\/vc_row][vc_row][vc_column][vc_column_text]<\/p>\n<h4>\u00a0Diskiniai gr\u016bd\u0173 mal\u016bnai SKIOLD SK2500 \/ SK5000 \/ SK1000 \/ SK780<\/h4>\n<p>[\/vc_column_text][vc_empty_space][vc_column_text]Grain mills SKIOLD grind \/ crush all known feed materials, various types of granules and other materials. Low power consumption (5 kW \/ h \/ t), no noise and no dust.<br \/>\nThe grinding discs are made of carbide and tungsten, the properties of this alloy ensure wear and deformation resistance, durability. By grinding the well-cleaned grains of medium fraction,\u00a0 the smallest mills SK2500 with a single set of disks can be used to grind up to 5000 tons of grain, with a medium sized mill SK5000 up to 10,000 t of grain.<\/p>\n<p>Manual or automatic adjustment of the distance between the discs allows you to change the bulk and structure of the feed.<br \/>\nQuick and easy installation.[\/vc_column_text][vc_empty_space][vc_row_inner][vc_column_inner width=&#8221;2\/3&#8243;][vc_column_text]<\/p>\n<table border=\"1\" width=\"100%\" cellspacing=\"0\" cellpadding=\"4\">\n<colgroup>\n<col width=\"61*\" \/>\n<col width=\"51*\" \/>\n<col width=\"51*\" \/>\n<col width=\"48*\" \/>\n<col width=\"46*\" \/> <\/colgroup>\n<tbody>\n<tr valign=\"TOP\">\n<td width=\"24%\">Model<\/td>\n<td width=\"20%\">\n<p align=\"CENTER\">SK 2500<\/p>\n<\/td>\n<td width=\"20%\">\n<p align=\"CENTER\">SK 5000<\/p>\n<\/td>\n<td width=\"19%\">\n<p align=\"CENTER\">SK 10000<\/p>\n<\/td>\n<td width=\"18%\">\n<p align=\"CENTER\">SK 780<\/p>\n<\/td>\n<\/tr>\n<tr valign=\"TOP\">\n<td width=\"24%\">Disc diameter (outer), mm<\/td>\n<td width=\"20%\">\n<p align=\"CENTER\">300<\/p>\n<\/td>\n<td width=\"20%\">\n<p align=\"CENTER\">450<\/p>\n<\/td>\n<td width=\"19%\">\n<p align=\"CENTER\">550<\/p>\n<\/td>\n<td width=\"18%\">\n<p align=\"CENTER\">780<\/p>\n<\/td>\n<\/tr>\n<tr valign=\"TOP\">\n<td width=\"24%\">Disc distance adjustment<\/td>\n<td width=\"20%\">\n<p align=\"CENTER\">Manual \/ Automatic<\/p>\n<\/td>\n<td width=\"20%\">\n<p align=\"CENTER\">Manual \/ Automatic<\/p>\n<\/td>\n<td width=\"19%\">\n<p align=\"CENTER\">Automatic<\/p>\n<\/td>\n<td width=\"18%\">\n<p align=\"CENTER\">Automatic<\/p>\n<\/td>\n<\/tr>\n<tr valign=\"TOP\">\n<td width=\"24%\">Noise level, dB<\/td>\n<td width=\"20%\">\n<p align=\"CENTER\">80<\/p>\n<\/td>\n<td width=\"20%\">\n<p align=\"CENTER\">80<\/p>\n<\/td>\n<td width=\"19%\">\n<p align=\"CENTER\">80<\/p>\n<\/td>\n<td width=\"18%\">\n<p align=\"CENTER\">80<\/p>\n<\/td>\n<\/tr>\n<tr valign=\"TOP\">\n<td width=\"24%\">RPM:<\/td>\n<td width=\"20%\">\n<p align=\"CENTER\">2800<\/p>\n<\/td>\n<td width=\"20%\">\n<p align=\"CENTER\">2800<\/p>\n<\/td>\n<td width=\"19%\">\n<p align=\"CENTER\">2800<\/p>\n<\/td>\n<td width=\"18%\">\n<p align=\"CENTER\">2800<\/p>\n<\/td>\n<\/tr>\n<tr valign=\"TOP\">\n<td width=\"24%\">Weight, kg<\/td>\n<td width=\"20%\">\n<p align=\"CENTER\">75<\/p>\n<\/td>\n<td width=\"20%\">\n<p align=\"CENTER\">175<\/p>\n<\/td>\n<td width=\"19%\">\n<p align=\"CENTER\">1675<\/p>\n<\/td>\n<td width=\"18%\">\n<p align=\"CENTER\">4250<\/p>\n<\/td>\n<\/tr>\n<\/tbody>\n<\/table>\n<p>[\/vc_column_text][vc_empty_space height=&#8221;16px&#8221;][vc_column_text]<\/p>\n<style type=\"text\/css\">\n\t<!-- @page { margin: 2cm } TD P { margin-bottom: 0cm } P { margin-bottom: 0.21cm } --><br \/><\/style>\n<table border=\"1\" width=\"100%\" cellspacing=\"0\" cellpadding=\"4\">\n<colgroup>\n<col width=\"31*\" \/>\n<col width=\"27*\" \/>\n<col width=\"23*\" \/>\n<col width=\"26*\" \/>\n<col width=\"25*\" \/>\n<col width=\"26*\" \/>\n<col width=\"26*\" \/>\n<col width=\"24*\" \/>\n<col width=\"26*\" \/>\n<col width=\"23*\" \/> <\/colgroup>\n<tbody>\n<tr>\n<td valign=\"TOP\" width=\"12%\"><span style=\"font-family: 'Times New Roman', serif;\"><span style=\"font-size: small;\">Efficiency<\/span><\/span><\/td>\n<td colspan=\"2\" width=\"19%\">\n<p align=\"CENTER\"><span style=\"font-family: 'Times New Roman', serif;\"><span style=\"font-size: small;\">SK 2500<\/span><\/span><\/p>\n<\/td>\n<td colspan=\"3\" width=\"30%\">\n<p align=\"CENTER\"><span style=\"font-family: 'Times New Roman', serif;\"><span style=\"font-size: small;\">SK 5000<\/span><\/span><\/p>\n<\/td>\n<td colspan=\"2\" width=\"19%\">\n<p align=\"CENTER\"><span style=\"font-family: 'Times New Roman', serif;\"><span style=\"font-size: small;\">SK 10000<\/span><\/span><\/p>\n<\/td>\n<td colspan=\"2\" width=\"19%\">\n<p align=\"CENTER\"><span style=\"font-family: 'Times New Roman', serif;\"><span style=\"font-size: small;\">SK 780<\/span><\/span><\/p>\n<\/td>\n<\/tr>\n<tr>\n<td valign=\"TOP\" width=\"12%\"><span style=\"font-family: 'Times New Roman', serif;\"><span style=\"font-size: small;\">Engine, kw<\/span><\/span><\/td>\n<td width=\"10%\">\n<p align=\"CENTER\"><span style=\"font-family: 'Times New Roman', serif;\"><span style=\"font-size: small;\">5,5<\/span><\/span><\/p>\n<\/td>\n<td width=\"9%\">\n<p align=\"CENTER\"><span style=\"font-family: 'Times New Roman', serif;\"><span style=\"font-size: small;\">7,5<\/span><\/span><\/p>\n<\/td>\n<td width=\"10%\">\n<p align=\"CENTER\"><span style=\"font-family: 'Times New Roman', serif;\"><span style=\"font-size: small;\">15<\/span><\/span><\/p>\n<\/td>\n<td width=\"10%\">\n<p align=\"CENTER\"><span style=\"font-family: 'Times New Roman', serif;\"><span style=\"font-size: small;\">22<\/span><\/span><\/p>\n<\/td>\n<td width=\"10%\">\n<p align=\"CENTER\"><span style=\"font-family: 'Times New Roman', serif;\"><span style=\"font-size: small;\">30<\/span><\/span><\/p>\n<\/td>\n<td width=\"10%\">\n<p align=\"CENTER\"><span style=\"font-family: 'Times New Roman', serif;\"><span style=\"font-size: small;\">55<\/span><\/span><\/p>\n<\/td>\n<td width=\"9%\">\n<p align=\"CENTER\"><span style=\"font-family: 'Times New Roman', serif;\"><span style=\"font-size: small;\">75<\/span><\/span><\/p>\n<\/td>\n<td width=\"10%\">\n<p align=\"CENTER\"><span style=\"font-family: 'Times New Roman', serif;\"><span style=\"font-size: small;\">160<\/span><\/span><\/p>\n<\/td>\n<td width=\"9%\">\n<p align=\"CENTER\"><span style=\"font-family: 'Times New Roman', serif;\"><span style=\"font-size: small;\">200<\/span><\/span><\/p>\n<\/td>\n<\/tr>\n<tr valign=\"TOP\">\n<td width=\"12%\"><span style=\"font-family: 'Times New Roman', serif;\"><span style=\"font-size: small;\">Barley<\/span><\/span><\/td>\n<td width=\"10%\">\n<p align=\"CENTER\"><span style=\"font-family: 'Times New Roman', serif;\"><span style=\"font-size: small;\">0,7 &#8211; 1,4<\/span><\/span><\/p>\n<\/td>\n<td width=\"9%\">\n<p align=\"CENTER\"><span style=\"font-family: 'Times New Roman', serif;\"><span style=\"font-size: small;\">1 &#8211; 1,9<\/span><\/span><\/p>\n<\/td>\n<td width=\"10%\">\n<p align=\"CENTER\"><span style=\"font-family: 'Times New Roman', serif;\"><span style=\"font-size: small;\">1,7 &#8211; 3,2<\/span><\/span><\/p>\n<\/td>\n<td width=\"10%\">\n<p align=\"CENTER\"><span style=\"font-family: 'Times New Roman', serif;\"><span style=\"font-size: small;\">2,4 &#8211; 4,7<\/span><\/span><\/p>\n<\/td>\n<td width=\"10%\">\n<p align=\"CENTER\"><span style=\"font-family: 'Times New Roman', serif;\"><span style=\"font-size: small;\">3 &#8211; 6<\/span><\/span><\/p>\n<\/td>\n<td width=\"10%\">\n<p align=\"CENTER\"><span style=\"font-family: 'Times New Roman', serif;\"><span style=\"font-size: small;\">5 &#8211; 10<\/span><\/span><\/p>\n<\/td>\n<td width=\"9%\">\n<p align=\"CENTER\"><span style=\"font-family: 'Times New Roman', serif;\"><span style=\"font-size: small;\">6 &#8211; 13<\/span><\/span><\/p>\n<\/td>\n<td width=\"10%\">\n<p align=\"CENTER\"><span style=\"font-family: 'Times New Roman', serif;\"><span style=\"font-size: small;\">9 &#8211; 19,5<\/span><\/span><\/p>\n<\/td>\n<td width=\"9%\">\n<p align=\"CENTER\"><span style=\"font-family: 'Times New Roman', serif;\"><span style=\"font-size: small;\">12 &#8211; 26<\/span><\/span><\/p>\n<\/td>\n<\/tr>\n<tr valign=\"TOP\">\n<td width=\"12%\"><span style=\"font-family: 'Times New Roman', serif;\"><span style=\"font-size: small;\">Wheat<\/span><\/span><\/td>\n<td width=\"10%\">\n<p align=\"CENTER\"><span style=\"font-family: 'Times New Roman', serif;\"><span style=\"font-size: small;\">0,75 &#8211; 1,5<\/span><\/span><\/p>\n<\/td>\n<td width=\"9%\">\n<p align=\"CENTER\"><span style=\"font-family: 'Times New Roman', serif;\"><span style=\"font-size: small;\">1 &#8211; 2<\/span><\/span><\/p>\n<\/td>\n<td width=\"10%\">\n<p align=\"CENTER\"><span style=\"font-family: 'Times New Roman', serif;\"><span style=\"font-size: small;\">1,8 &#8211; 3,5<\/span><\/span><\/p>\n<\/td>\n<td width=\"10%\">\n<p align=\"CENTER\"><span style=\"font-family: 'Times New Roman', serif;\"><span style=\"font-size: small;\">2,5 &#8211; 5<\/span><\/span><\/p>\n<\/td>\n<td width=\"10%\">\n<p align=\"CENTER\"><span style=\"font-family: 'Times New Roman', serif;\"><span style=\"font-size: small;\">3,2 &#8211; 6,5<\/span><\/span><\/p>\n<\/td>\n<td width=\"10%\">\n<p align=\"CENTER\"><span style=\"font-family: 'Times New Roman', serif;\"><span style=\"font-size: small;\">5 &#8211; 12<\/span><\/span><\/p>\n<\/td>\n<td width=\"9%\">\n<p align=\"CENTER\"><span style=\"font-family: 'Times New Roman', serif;\"><span style=\"font-size: small;\">6 &#8211; 15<\/span><\/span><\/p>\n<\/td>\n<td width=\"10%\">\n<p align=\"CENTER\"><span style=\"font-family: 'Times New Roman', serif;\"><span style=\"font-size: small;\">9 &#8211; 22,5<\/span><\/span><\/p>\n<\/td>\n<td width=\"9%\">\n<p align=\"CENTER\"><span style=\"font-family: 'Times New Roman', serif;\"><span style=\"font-size: small;\">12 &#8211; 30<\/span><\/span><\/p>\n<\/td>\n<\/tr>\n<tr valign=\"TOP\">\n<td width=\"12%\"><span style=\"font-family: 'Times New Roman', serif;\"><span style=\"font-size: small;\">Corn<\/span><\/span><\/td>\n<td width=\"10%\">\n<p align=\"CENTER\"><span style=\"font-family: 'Times New Roman', serif;\"><span style=\"font-size: small;\">0,5 &#8211; 1,5<\/span><\/span><\/p>\n<\/td>\n<td width=\"9%\">\n<p align=\"CENTER\"><span style=\"font-family: 'Times New Roman', serif;\"><span style=\"font-size: small;\">0,7 &#8211; 2<\/span><\/span><\/p>\n<\/td>\n<td width=\"10%\">\n<p align=\"CENTER\"><span style=\"font-family: 'Times New Roman', serif;\"><span style=\"font-size: small;\">2 &#8211; 3,5<\/span><\/span><\/p>\n<\/td>\n<td width=\"10%\">\n<p align=\"CENTER\"><span style=\"font-family: 'Times New Roman', serif;\"><span style=\"font-size: small;\">2,5 &#8211; 5<\/span><\/span><\/p>\n<\/td>\n<td width=\"10%\">\n<p align=\"CENTER\"><span style=\"font-family: 'Times New Roman', serif;\"><span style=\"font-size: small;\">3 &#8211; 6,5<\/span><\/span><\/p>\n<\/td>\n<td width=\"10%\">\n<p align=\"CENTER\"><span style=\"font-family: 'Times New Roman', serif;\"><span style=\"font-size: small;\">5 &#8211; 12<\/span><\/span><\/p>\n<\/td>\n<td width=\"9%\">\n<p align=\"CENTER\"><span style=\"font-family: 'Times New Roman', serif;\"><span style=\"font-size: small;\">6 &#8211; 15<\/span><\/span><\/p>\n<\/td>\n<td width=\"10%\">\n<p align=\"CENTER\"><span style=\"font-family: 'Times New Roman', serif;\"><span style=\"font-size: small;\">9 &#8211; 22,5<\/span><\/span><\/p>\n<\/td>\n<td width=\"9%\">\n<p align=\"CENTER\"><span style=\"font-family: 'Times New Roman', serif;\"><span style=\"font-size: small;\">12 &#8211; 30<\/span><\/span><\/p>\n<\/td>\n<\/tr>\n<tr valign=\"TOP\">\n<td width=\"12%\"><span style=\"font-family: 'Times New Roman', serif;\"><span style=\"font-size: small;\">Oats<\/span><\/span><\/td>\n<td width=\"10%\">\n<p align=\"CENTER\"><span style=\"font-family: 'Times New Roman', serif;\"><span style=\"font-size: small;\">0,6 &#8211; 1<\/span><\/span><\/p>\n<\/td>\n<td width=\"9%\">\n<p align=\"CENTER\"><span style=\"font-family: 'Times New Roman', serif;\"><span style=\"font-size: small;\">0,8 &#8211; 1,3<\/span><\/span><\/p>\n<\/td>\n<td width=\"10%\">\n<p align=\"CENTER\"><span style=\"font-family: 'Times New Roman', serif;\"><span style=\"font-size: small;\">1,4 &#8211; 2,3<\/span><\/span><\/p>\n<\/td>\n<td width=\"10%\">\n<p align=\"CENTER\"><span style=\"font-family: 'Times New Roman', serif;\"><span style=\"font-size: small;\">2 &#8211; 3,2<\/span><\/span><\/p>\n<\/td>\n<td width=\"10%\">\n<p align=\"CENTER\"><span style=\"font-family: 'Times New Roman', serif;\"><span style=\"font-size: small;\">2,4 &#8211; 4,5<\/span><\/span><\/p>\n<\/td>\n<td width=\"10%\">\n<p align=\"CENTER\"><span style=\"font-family: 'Times New Roman', serif;\"><span style=\"font-size: small;\">4 &#8211; 9<\/span><\/span><\/p>\n<\/td>\n<td width=\"9%\">\n<p align=\"CENTER\"><span style=\"font-family: 'Times New Roman', serif;\"><span style=\"font-size: small;\">5 &#8211; 12<\/span><\/span><\/p>\n<\/td>\n<td width=\"10%\">\n<p align=\"CENTER\"><span style=\"font-family: 'Times New Roman', serif;\"><span style=\"font-size: small;\">9 &#8211; 18<\/span><\/span><\/p>\n<\/td>\n<td width=\"9%\">\n<p align=\"CENTER\"><span style=\"font-family: 'Times New Roman', serif;\"><span style=\"font-size: small;\">12 &#8211; 24<\/span><\/span><\/p>\n<\/td>\n<\/tr>\n<tr valign=\"TOP\">\n<td width=\"12%\"><span style=\"font-family: 'Times New Roman', serif;\"><span style=\"font-size: small;\">Peas<\/span><\/span><\/td>\n<td width=\"10%\">\n<p align=\"CENTER\"><span style=\"font-family: 'Times New Roman', serif;\"><span style=\"font-size: small;\">0,5 &#8211; 1,5<\/span><\/span><\/p>\n<\/td>\n<td width=\"9%\">\n<p align=\"CENTER\"><span style=\"font-family: 'Times New Roman', serif;\"><span style=\"font-size: small;\">0,75 &#8211; 2<\/span><\/span><\/p>\n<\/td>\n<td width=\"10%\">\n<p align=\"CENTER\"><span style=\"font-family: 'Times New Roman', serif;\"><span style=\"font-size: small;\">0,75 &#8211; 2<\/span><\/span><\/p>\n<\/td>\n<td width=\"10%\">\n<p align=\"CENTER\"><span style=\"font-family: 'Times New Roman', serif;\"><span style=\"font-size: small;\">2,5 &#8211; 5<\/span><\/span><\/p>\n<\/td>\n<td width=\"10%\">\n<p align=\"CENTER\"><span style=\"font-family: 'Times New Roman', serif;\"><span style=\"font-size: small;\">3 &#8211; 6,5<\/span><\/span><\/p>\n<\/td>\n<td width=\"10%\">\n<p align=\"CENTER\"><span style=\"font-family: 'Times New Roman', serif;\"><span style=\"font-size: small;\">4 &#8211; 9<\/span><\/span><\/p>\n<\/td>\n<td width=\"9%\">\n<p align=\"CENTER\"><span style=\"font-family: 'Times New Roman', serif;\"><span style=\"font-size: small;\">5 &#8211; 12<\/span><\/span><\/p>\n<\/td>\n<td width=\"10%\">\n<p align=\"CENTER\"><span style=\"font-family: 'Times New Roman', serif;\"><span style=\"font-size: small;\">9 &#8211; 18<\/span><\/span><\/p>\n<\/td>\n<td width=\"9%\">\n<p align=\"CENTER\"><span style=\"font-family: 'Times New Roman', serif;\"><span style=\"font-size: small;\">12 &#8211; 24<\/span><\/span><\/p>\n<\/td>\n<\/tr>\n<\/tbody>\n<\/table>\n<p>[\/vc_column_text][vc_empty_space][\/vc_column_inner][vc_column_inner width=&#8221;1\/3&#8243;][vc_single_image image=&#8221;3911&#8243; img_size=&#8221;full&#8221; onclick=&#8221;link_image&#8221;][vc_empty_space height=&#8221;16px&#8221;][vc_single_image image=&#8221;3910&#8243; img_size=&#8221;full&#8221; onclick=&#8221;link_image&#8221;][vc_empty_space][\/vc_column_inner][\/vc_row_inner][\/vc_column][\/vc_row][vc_row][vc_column][vc_column_text]<\/p>\n<h4>Hammer mills DM-2 \/ DM-3 \/ BM-5<\/h4>\n<p>[\/vc_column_text][vc_empty_space][vc_column_text]Hammer mills are ideal for preparing animal feed. The mill is equipped with a fan that allows the products to be transported in the feed preparation system and also cools them. Simple yet robust design allows it to be used in most existing feed preparation systems. All wear parts of the mill are easily replaced with original SKIOLD parts. Wear parts are made of high quality material that will require minimal maintenance for the mill.[\/vc_column_text][vc_empty_space][vc_row_inner][vc_column_inner width=&#8221;2\/3&#8243;][vc_column_text]<\/p>\n<h4>Mill DM-2<\/h4>\n<p>The DM-2 mill comes with 5.5 or 7.5 kW electric motors. Efficiency up to 500 kg \/ h, transporting the product up to 70 m.<\/p>\n<h4>Mill DM-3<\/h4>\n<p>The DM-3 mill comes with 11.5 or 18.5 kW electric motors. Efficiency up to 1300 kg \/ h is achieved, the transport distance of the product is 80 m. This mill can also be equipped with PROFI-LINE wear-resistant parts.<\/p>\n<h4>Mill BM-5<\/h4>\n<p>BM-5 is the largest and most durable in the range of these hammer mills. The BM-5 mill is equipped with 30 or 37 kW electric motors. Efficiency up to 2500 kg \/ h, transport distance of up to 30 m.<br \/>\n\u2022 Wide range of optional equipment<br \/>\n\u2022 Various applications<br \/>\n\u2022 Efficiency up to 2500 kg \/ h<br \/>\n\u2022 Product transport distance up to 80 m.<br \/>\n\u2022 Low power consumption<br \/>\n\u2022 Low-wear parts<br \/>\n\u2022 Easy maintenance<br \/>\n\u2022 Hammers are made of high quality spring steel[\/vc_column_text][vc_empty_space][\/vc_column_inner][vc_column_inner width=&#8221;1\/3&#8243;][vc_single_image image=&#8221;3913&#8243; img_size=&#8221;full&#8221; onclick=&#8221;link_image&#8221;][vc_empty_space height=&#8221;16px&#8221;][vc_single_image image=&#8221;3912&#8243; img_size=&#8221;full&#8221; onclick=&#8221;link_image&#8221;][vc_empty_space][\/vc_column_inner][\/vc_row_inner][\/vc_column][\/vc_row][vc_row][vc_column][vc_column_text]<\/p>\n<h4>Heavy-duty hammer mills DM-6G \/ DM-6M \/ DM6-WM<\/h4>\n<p>[\/vc_column_text][vc_empty_space][vc_row_inner][vc_column_inner width=&#8221;2\/3&#8243;][vc_column_text]<strong>Mill DM6-G<\/strong><\/p>\n<p>The DM-6G mill has a simple and reliable design with compact dimensions. Supplied with Scandinavian 7.5 \/ 11\/15\/18\/22\/30 kW electric motors and a customer-selected sieve.<\/p>\n<p><strong>Mill DM6-M<\/strong><\/p>\n<p>The DM-6M mill is intended for milling corn with a moisture content of up to 40%. The mill can also be used for dry grains other than the DM6-G model. Supplied with Scandinavian 11\/15 \/ 18.5 kW electric motors and customer selected sieve.<\/p>\n<p><strong>Mill DM6-WM<\/strong><\/p>\n<p>The DM6-WM mill is made of stainless steel (except hammer) and is designed for extremely wet corn grains (can contain more than 40% moisture).<br \/>\n\u2022 Compact size<br \/>\n\u2022 Special version of corn<br \/>\n\u2022 Simple, reliable and robust construction.<br \/>\n\u2022 Low power consumption[\/vc_column_text][vc_empty_space]<a itemprop=\"url\" href=\"https:\/\/agrosistemos.ee\/en-GB\/farming-equipment\/grain-mills\/\" target=\"_self\"  class=\"mkd-btn mkd-btn-medium mkd-btn-solid\"  >\n    <span class=\"mkd-btn-text\">Back<\/span>\n    <\/a>[vc_empty_space][\/vc_column_inner][vc_column_inner width=&#8221;1\/3&#8243;][vc_empty_space][vc_column_text]\n<div class=\"wpcf7 no-js\" id=\"wpcf7-f111-o1\" lang=\"en-US\" dir=\"ltr\" data-wpcf7-id=\"111\">\n<div class=\"screen-reader-response\"><p role=\"status\" aria-live=\"polite\" aria-atomic=\"true\"><\/p> <ul><\/ul><\/div>\n<form action=\"\/en\/wp-json\/wp\/v2\/pages\/4922#wpcf7-f111-o1\" method=\"post\" class=\"wpcf7-form init\" aria-label=\"Contact form\" novalidate=\"novalidate\" data-status=\"init\">\n<fieldset class=\"hidden-fields-container\"><input type=\"hidden\" name=\"_wpcf7\" value=\"111\" \/><input type=\"hidden\" name=\"_wpcf7_version\" value=\"6.1.5\" \/><input type=\"hidden\" name=\"_wpcf7_locale\" value=\"en_US\" \/><input type=\"hidden\" name=\"_wpcf7_unit_tag\" value=\"wpcf7-f111-o1\" \/><input type=\"hidden\" name=\"_wpcf7_container_post\" value=\"0\" \/><input type=\"hidden\" name=\"_wpcf7_posted_data_hash\" value=\"\" \/>\n<\/fieldset>\n<p><label> Your name<br \/>\n<span class=\"wpcf7-form-control-wrap\" data-name=\"your-name\"><input size=\"40\" maxlength=\"400\" class=\"wpcf7-form-control wpcf7-text wpcf7-validates-as-required\" aria-required=\"true\" aria-invalid=\"false\" value=\"\" type=\"text\" name=\"your-name\" \/><\/span> <\/label>\n<\/p>\n<p><label> Your e-mail<br \/>\n<span class=\"wpcf7-form-control-wrap\" data-name=\"your-email\"><input size=\"40\" maxlength=\"400\" class=\"wpcf7-form-control wpcf7-email wpcf7-validates-as-required wpcf7-text wpcf7-validates-as-email\" aria-required=\"true\" aria-invalid=\"false\" value=\"\" type=\"email\" name=\"your-email\" \/><\/span> <\/label>\n<\/p>\n<p><label> Your phone<br \/>\n<span class=\"wpcf7-form-control-wrap\" data-name=\"your-phone\"><input size=\"40\" maxlength=\"400\" class=\"wpcf7-form-control wpcf7-text wpcf7-validates-as-required\" aria-required=\"true\" aria-invalid=\"false\" value=\"\" type=\"text\" name=\"your-phone\" \/><\/span> <\/label>\n<\/p>\n<p><label> Your message<br \/>\n<span class=\"wpcf7-form-control-wrap\" data-name=\"your-message\"><textarea cols=\"40\" rows=\"10\" maxlength=\"2000\" class=\"wpcf7-form-control wpcf7-textarea\" aria-invalid=\"false\" name=\"your-message\"><\/textarea><\/span> <\/label>\n<\/p>\n<input class=\"wpcf7-form-control wpcf7-hidden\" value=\"\" type=\"hidden\" name=\"page-url\" \/>\n<p><input class=\"wpcf7-form-control wpcf7-submit has-spinner\" type=\"submit\" value=\"Send\" \/>\n<\/p><p style=\"display: none !important;\" class=\"akismet-fields-container\" data-prefix=\"_wpcf7_ak_\"><label>&#916;<textarea name=\"_wpcf7_ak_hp_textarea\" cols=\"45\" rows=\"8\" maxlength=\"100\"><\/textarea><\/label><input type=\"hidden\" id=\"ak_js_1\" name=\"_wpcf7_ak_js\" value=\"51\"\/><script>document.getElementById( \"ak_js_1\" ).setAttribute( \"value\", ( new Date() ).getTime() );<\/script><\/p><div class=\"wpcf7-response-output\" aria-hidden=\"true\"><\/div>\n<\/form>\n<\/div>\n[\/vc_column_text][\/vc_column_inner][\/vc_row_inner][\/vc_column][\/vc_row]<\/p>\n","protected":false},"excerpt":{"rendered":"<p>[vc_row][vc_column][vc_column_text] Grain mills Skiold [\/vc_column_text][vc_empty_space][\/vc_column][\/vc_row][vc_row][vc_column][vc_column_text] \u00a0Diskiniai gr\u016bd\u0173 mal\u016bnai SKIOLD SK2500 \/ SK5000 \/ SK1000 \/ SK780 [\/vc_column_text][vc_empty_space][vc_column_text]Grain mills SKIOLD grind \/ crush all known feed materials, various types of granules and other materials. Low power consumption (5 kW \/ h \/ t), no noise and&#8230;<\/p>\n","protected":false},"author":1,"featured_media":0,"parent":4885,"menu_order":0,"comment_status":"closed","ping_status":"closed","template":"","meta":{"_locale":"en_GB","_original_post":"https:\/\/agrosistemos.ee\/?page_id=3908","footnotes":""},"class_list":["post-4922","page","type-page","status-publish","hentry","en-GB"],"_links":{"self":[{"href":"https:\/\/agrosistemos.ee\/wp-json\/wp\/v2\/pages\/4922","targetHints":{"allow":["GET"]}}],"collection":[{"href":"https:\/\/agrosistemos.ee\/wp-json\/wp\/v2\/pages"}],"about":[{"href":"https:\/\/agrosistemos.ee\/wp-json\/wp\/v2\/types\/page"}],"author":[{"embeddable":true,"href":"https:\/\/agrosistemos.ee\/wp-json\/wp\/v2\/users\/1"}],"replies":[{"embeddable":true,"href":"https:\/\/agrosistemos.ee\/wp-json\/wp\/v2\/comments?post=4922"}],"version-history":[{"count":1,"href":"https:\/\/agrosistemos.ee\/wp-json\/wp\/v2\/pages\/4922\/revisions"}],"predecessor-version":[{"id":4925,"href":"https:\/\/agrosistemos.ee\/wp-json\/wp\/v2\/pages\/4922\/revisions\/4925"}],"up":[{"embeddable":true,"href":"https:\/\/agrosistemos.ee\/wp-json\/wp\/v2\/pages\/4885"}],"wp:attachment":[{"href":"https:\/\/agrosistemos.ee\/wp-json\/wp\/v2\/media?parent=4922"}],"curies":[{"name":"wp","href":"https:\/\/api.w.org\/{rel}","templated":true}]}}